{"id":51,"date":"2022-04-18T17:57:52","date_gmt":"2022-04-18T17:57:52","guid":{"rendered":"http:\/\/thecprsong.co.uk\/?page_id=51"},"modified":"2022-10-17T12:43:31","modified_gmt":"2022-10-17T12:43:31","slug":"download-cy","status":"publish","type":"page","link":"https:\/\/thecprsong.co.uk\/index.php\/cy\/download-cy\/","title":{"rendered":"Lawrlwythwch yr adnoddau"},"content":{"rendered":"\n<div class=\"wp-container-4 wp-block-group\"><div class=\"wp-block-group__inner-container\">\n<div style=\"height:50px\" aria-hidden=\"true\" class=\"wp-block-spacer\"><\/div>\n\n\n\n<div class=\"wp-block-columns\">\n<div class=\"wp-block-column\" style=\"flex-basis:33.33%\">\n<figure class=\"wp-block-image size-full\"><img loading=\"lazy\" width=\"277\" height=\"275\" src=\"http:\/\/thecprsong.co.uk\/wp-content\/uploads\/2022\/08\/Asset-2.png\" alt=\"\" class=\"wp-image-328\" srcset=\"https:\/\/thecprsong.co.uk\/wp-content\/uploads\/2022\/08\/Asset-2.png 277w, https:\/\/thecprsong.co.uk\/wp-content\/uploads\/2022\/08\/Asset-2-150x150.png 150w\" sizes=\"(max-width: 277px) 100vw, 277px\" \/><\/figure>\n<\/div>\n\n\n\n<div class=\"wp-block-column\" style=\"flex-basis:66.66%\">\n<h2>Dysgwch y G\u00e2n CPR yn eich ysgol!<\/h2>\n\n\n\n<div style=\"height:50px\" aria-hidden=\"true\" class=\"wp-block-spacer\"><\/div>\n\n\n\n<p>Mae athrawon a gweithwyr gofal iechyd proffesiynol wedi datblygu\u2019r G\u00e2n CPR ar y cyd. Mae\u2019r holl adnoddau sydd wedi\u2019u creu ar sail ymchwil yn dilyn canllawiau COVID cyfredol Resuscitation Council UK. Mae\u2019r cynllun gwers CPR yn rhoi cyfarwyddiadau clir ar sut i gyflwyno\u2019r sesiwn CPR ac yn cyd-fynd \u00e2\u2019r llyfr gwaith ar ffurf comig. Mae\u2019r holl adnoddau ar gael ar y wefan hon ac AM DDIM i\u2019w lawrlwytho.<\/p>\n<\/div>\n<\/div>\n\n\n\n<blockquote class=\"wp-block-quote has-small-font-size\"><p><em>Yn y Groes Goch Brydeinig rydym yn annog cynifer o bobl ag sy\u2019n bosib i ddysgu sgiliau achub bywyd sy\u2019n eu galluogi i gynnig help llaw i rywun mewn argyfwng. Mae\u2019r G\u00e2n CPR yn annog pobl i weithredu ond ar yr un pryd yn ysgogi pobl mewn ffordd hwyliog sydd gobeithio yn eu caniat\u00e1u i adalw gwybodaeth a gweithredu pan fyddant yn ymdrin ag argyfwng cymorth cyntaf.<\/em><\/p><cite><em>Dafydd Beech, Rheolwr Addysg Gymunedol Genedlaethol, Y Groes Goch Brydeinig<\/em><\/cite><\/blockquote>\n\n\n\n<div style=\"height:50px\" aria-hidden=\"true\" class=\"wp-block-spacer\"><\/div>\n\n\n\n<div class=\"wp-block-columns\">\n<div class=\"wp-block-column\" style=\"flex-basis:66.66%\">\n<p>Rydym yn gobeithio y byddwch yn mwynhau defnyddio\u2019r adnodd addysgol hwn sy\u2019n achub bywydau. Byddem wrth ein boddau\u2019n clywed eich adborth <\/p>\n\n\n\n<p><\/p>\n\n\n\n<div class=\"wp-container-1 wp-block-buttons\">\n<div class=\"wp-block-button\"><a class=\"wp-block-button__link has-vivid-red-background-color has-background\" href=\"https:\/\/forms.office.com\/r\/Y0uaMZb4h4\" target=\"_blank\" rel=\"noreferrer noopener\">Cliciwch yma i roi adborth<\/a><\/div>\n<\/div>\n<\/div>\n\n\n\n<div class=\"wp-block-column\" style=\"flex-basis:33.33%\">\n<figure class=\"wp-block-image size-full\"><img loading=\"lazy\" width=\"183\" height=\"194\" src=\"http:\/\/thecprsong.co.uk\/wp-content\/uploads\/2022\/08\/Asset-1.png\" alt=\"\" class=\"wp-image-324\"\/><\/figure>\n<\/div>\n<\/div>\n\n\n\n<blockquote class=\"wp-block-quote has-small-font-size\"><p><em>Mae SADS UK yn falch o gefnogi&#8217;r g\u00e2n CPR gyda Elvis Cymraeg&nbsp;a Jess.&nbsp;Dyma ffordd wych i ennyn diddordeb plant (ac oedolion!) i ddysgu sut i gywasgu\u2019r frest a sut i achub bywyd.&nbsp;Fel mae&#8217;r g\u00e2n yn dweud, &#8216;Cadw&#8217;r Curiad&#8217;, h.y., cadw cywasgu\u2019r frest&nbsp;tan i&#8217;r diffibriliwr gyrraedd.&nbsp;Cywasgu ar y frest a defnyddio&#8217;r diffibriliwr yw&#8217;r ffordd fwyaf effeithiol o achub bywyd pan mae person yn cael ataliad y galon. Bydd dysgu CPR mewn ysgolion yn gwneud disgyblion yn fwy hyderus i ddefnyddio&#8217;r sgil achub bywyd hwn os byddent yn digwydd bod yn dyst i, neu yn cael eu galw i helpu argyfwng&nbsp;ataliad y galon.<\/em><\/p><cite><em>Anne a John Jolly, Elusen Cardiaidd&nbsp;SADs UK<\/em><\/cite><\/blockquote>\n\n\n\n<p><\/p>\n\n\n\n<p><\/p>\n\n\n\n<p><\/p>\n\n\n\n<p><\/p>\n\n\n\n<div class=\"wp-container-3 wp-block-group\"><div class=\"wp-block-group__inner-container\">\n<div class=\"wp-block-columns\">\n<div class=\"wp-block-column\" style=\"flex-basis:33.33%\">\n<div class=\"wp-container-2 wp-block-buttons\">\n<div class=\"wp-block-button is-style-fill\"><a class=\"wp-block-button__link has-vivid-red-background-color has-background\" href=\"http:\/\/thecprsong.co.uk\/?smd_process_download=1&amp;download_id=477\">Lesson PLan<\/a><\/div>\n\n\n\n<div class=\"wp-block-button is-style-fill\"><a class=\"wp-block-button__link has-vivid-red-background-color has-background\" href=\"http:\/\/thecprsong.co.uk\/?smd_process_download=1&amp;download_id=473\">Cpr Song<\/a><\/div>\n\n\n\n<div class=\"wp-block-button is-style-fill\"><a class=\"wp-block-button__link has-vivid-red-background-color has-background\" href=\"http:\/\/thecprsong.co.uk\/?smd_process_download=1&amp;download_id=475\" target=\"_blank\" rel=\"noreferrer noopener\">Workbook<\/a><\/div>\n\n\n\n<div class=\"wp-block-button is-style-fill\"><a class=\"wp-block-button__link has-vivid-red-background-color has-background\" href=\"http:\/\/thecprsong.co.uk\/?smd_process_download=1&amp;download_id=470\" target=\"_blank\" rel=\"noreferrer noopener\">Roleplay<\/a><\/div>\n<\/div>\n<\/div>\n\n\n\n<div class=\"wp-block-column\" style=\"flex-basis:66.66%\">\n<p>Mae\u2019r cynllun gwers hwn yn rhoi cyfarwyddiadau clir ar sut i gyflwyno\u2019r sesiwn CPR sy\u2019n awr o hyd, yn yr ystafell ddosbarth gan gynnwys gweithgareddau chwarae r\u00f4l, y G\u00e2n CPR, llyfr gwaith a gwaith cartref.<br>Mae ein taflenni chwarae r\u00f4l yn cyflwyno\u2019r cysyniad o alw 999.<br>Mae\u2019r G\u00e2n CPR yn dysgu plant y camau CPR ar ffurf c\u00e2n a dawns.<br><\/p>\n<\/div>\n<\/div>\n<\/div><\/div>\n<\/div><\/div>\n\n\n\n<p><\/p>\n","protected":false},"excerpt":{"rendered":"<p>Dysgwch y G\u00e2n CPR yn eich ysgol! Mae athrawon a gweithwyr gofal iechyd proffesiynol wedi datblygu\u2019r G\u00e2n CPR ar y cyd. Mae\u2019r holl adnoddau sydd wedi\u2019u creu ar sail ymchwil yn dilyn canllawiau COVID cyfredol Resuscitation Council UK. Mae\u2019r cynllun gwers CPR yn rhoi cyfarwyddiadau clir ar sut i gyflwyno\u2019r sesiwn CPR ac yn cyd-fynd [&hellip;]<\/p>\n","protected":false},"author":1,"featured_media":0,"parent":0,"menu_order":0,"comment_status":"closed","ping_status":"closed","template":"","meta":{"_monsterinsights_skip_tracking":false,"_monsterinsights_sitenote_active":false,"_monsterinsights_sitenote_note":"","_monsterinsights_sitenote_category":0},"_links":{"self":[{"href":"https:\/\/thecprsong.co.uk\/index.php\/wp-json\/wp\/v2\/pages\/51"}],"collection":[{"href":"https:\/\/thecprsong.co.uk\/index.php\/wp-json\/wp\/v2\/pages"}],"about":[{"href":"https:\/\/thecprsong.co.uk\/index.php\/wp-json\/wp\/v2\/types\/page"}],"author":[{"embeddable":true,"href":"https:\/\/thecprsong.co.uk\/index.php\/wp-json\/wp\/v2\/users\/1"}],"replies":[{"embeddable":true,"href":"https:\/\/thecprsong.co.uk\/index.php\/wp-json\/wp\/v2\/comments?post=51"}],"version-history":[{"count":22,"href":"https:\/\/thecprsong.co.uk\/index.php\/wp-json\/wp\/v2\/pages\/51\/revisions"}],"predecessor-version":[{"id":542,"href":"https:\/\/thecprsong.co.uk\/index.php\/wp-json\/wp\/v2\/pages\/51\/revisions\/542"}],"wp:attachment":[{"href":"https:\/\/thecprsong.co.uk\/index.php\/wp-json\/wp\/v2\/media?parent=51"}],"curies":[{"name":"wp","href":"https:\/\/api.w.org\/{rel}","templated":true}]}}